{"id":260,"date":"2026-04-08T21:50:01","date_gmt":"2026-04-08T19:50:01","guid":{"rendered":"http:\/\/czystakranowka.pl\/?page_id=260"},"modified":"2026-04-15T22:42:40","modified_gmt":"2026-04-15T20:42:40","slug":"glowna","status":"publish","type":"page","link":"https:\/\/czystakranowka.pl\/","title":{"rendered":"G\u0142\u00f3wna"},"content":{"rendered":"\n<div class=\"wp-block-group has-global-padding is-layout-constrained wp-block-group-is-layout-constrained\" style=\"margin-bottom:var(--wp--preset--spacing--40)\">\n<div class=\"wp-block-uagb-container uagb-block-a6e13f69 alignfull uagb-is-root-container\"><div class=\"uagb-container-inner-blocks-wrap\">\n<div class=\"wp-block-group alignwide is-nowrap is-layout-flex wp-container-core-group-is-layout-879c0eda wp-block-group-is-layout-flex\" style=\"margin-top:0;margin-bottom:0;padding-top:0;padding-right:0;padding-bottom:0;padding-left:0;font-size:clamp(0.875rem, 0.875rem + ((1vw - 0.2rem) * 0.542), 1.2rem);\">\n<div class=\"wp-block-group has-heading-font-family has-medium-font-size wp-container-content-9cfa9a5a is-layout-flow wp-container-core-group-is-layout-f8561097 wp-block-group-is-layout-flow\" style=\"padding-top:0;padding-right:0;padding-bottom:0;padding-left:0\">\n<ul style=\"border-style:none;border-width:0px;color:#000000;margin-top:0;margin-right:0;margin-bottom:var(--wp--preset--spacing--10);margin-left:var(--wp--preset--spacing--10);font-size:clamp(0.984rem, 0.984rem + ((1vw - 0.2rem) * 0.86), 1.5rem);\" class=\"wp-block-list is-style-checkmark-list has-text-color has-link-color wp-elements-47ba87773f67f24260272fadef71051d\">\n<li class=\"has-contrast-color has-text-color has-link-color wp-elements-6c99f15d013055174b5dbfbe62bf3302\" style=\"margin-top:0;margin-bottom:0;font-size:clamp(0.984rem, 0.984rem + ((1vw - 0.2rem) * 0.86), 1.5rem);\">Masz dosy\u0107 przep\u0142acania i noszenia wody w plastikowych butelkach?<\/li>\n\n\n\n<li class=\"has-contrast-color has-text-color has-link-color wp-elements-84e97cfabdb215f04cc729c4f5366334\" style=\"margin-top:0;margin-bottom:0;font-size:clamp(0.984rem, 0.984rem + ((1vw - 0.2rem) * 0.86), 1.5rem);\">Twarda woda zostawia \u015blady na kranach i urz\u0105dzeniach?<\/li>\n\n\n\n<li class=\"has-contrast-color has-text-color has-link-color wp-elements-91479c26f10d745cd837a9142340abf3\" style=\"margin-top:0;margin-bottom:0;font-size:clamp(0.984rem, 0.984rem + ((1vw - 0.2rem) * 0.86), 1.5rem);\">Woda ze studni przekracza wymagane normy, a przed Tob\u0105 budowa domu?<\/li>\n<\/ul>\n\n\n\n<p class=\"has-text-align-left has-contrast-color has-text-color has-link-color wp-elements-cf7bbbfe83fe4239844e20bd1f13dc29\" style=\"margin-top:var(--wp--preset--spacing--10);margin-right:var(--wp--preset--spacing--10);margin-bottom:var(--wp--preset--spacing--10);margin-left:var(--wp--preset--spacing--10);font-size:clamp(0.984rem, 0.984rem + ((1vw - 0.2rem) * 0.86), 1.5rem);\"><strong>Je\u015bli cho\u0107 jeden z tych problem\u00f3w brzmi znajomo, jeste\u015b we w\u0142a\u015bciwym miejscu. <\/strong>Pomo\u017cemy wybra\u0107 i zamontujemy:<\/p>\n\n\n\n<ul style=\"padding-top:0;padding-right:var(--wp--preset--spacing--40);padding-bottom:0;padding-left:var(--wp--preset--spacing--40);font-size:clamp(0.984rem, 0.984rem + ((1vw - 0.2rem) * 0.86), 1.5rem);\" class=\"wp-block-list is-style-default has-contrast-color has-text-color has-link-color wp-elements-23e9f28ae3d3c6916b03d3a2551ea21e\">\n<li class=\"has-contrast-color has-text-color has-link-color wp-elements-e479037773d41cae0ed1d4b2d31edd0f\">Filtry do wody w kuchni, \u017ceby\u015b m\u00f3g\u0142 pi\u0107 czyst\u0105 kran\u00f3wk\u0119<\/li>\n\n\n\n<li class=\"has-contrast-color has-text-color has-link-color wp-elements-57406d03d30515dba1b810f33e8e8c9e\">Stacje zmi\u0119kczania wody dla ca\u0142ego domu. Koniec z tward\u0105 wod\u0105<\/li>\n\n\n\n<li class=\"has-contrast-color has-text-color has-link-color wp-elements-9c1bd7da5b274825f2e77e1b6d6a08aa\">Od\u017celaziacze i stacje uzdatniania dla wody studziennej<\/li>\n<\/ul>\n<\/div>\n<\/div>\n\n\n\n<div class=\"wp-block-group is-content-justification-center is-nowrap is-layout-flex wp-container-core-group-is-layout-9d550e5f wp-block-group-is-layout-flex\" style=\"margin-top:0;margin-bottom:0\">\n<div class=\"wp-block-group is-layout-flow wp-container-core-group-is-layout-a77db08e wp-block-group-is-layout-flow\" style=\"border-top-left-radius:0px;border-top-right-radius:0px;border-bottom-left-radius:0px;border-bottom-right-radius:0px\">\n<div class=\"wp-block-uagb-container uagb-block-d0b74c64 alignwide uagb-is-root-container\">\n<figure class=\"wp-block-image aligncenter size-thumbnail\"><img loading=\"lazy\" decoding=\"async\" width=\"150\" height=\"150\" src=\"https:\/\/czystakranowka.pl\/wp-content\/uploads\/2026\/04\/RO_101S_new_1_1000_kG4eGfD-150x150.png\" alt=\"\" class=\"wp-image-995\" srcset=\"https:\/\/czystakranowka.pl\/wp-content\/uploads\/2026\/04\/RO_101S_new_1_1000_kG4eGfD-150x150.png 150w, https:\/\/czystakranowka.pl\/wp-content\/uploads\/2026\/04\/RO_101S_new_1_1000_kG4eGfD-300x300.png 300w, https:\/\/czystakranowka.pl\/wp-content\/uploads\/2026\/04\/RO_101S_new_1_1000_kG4eGfD-768x768.png 768w, https:\/\/czystakranowka.pl\/wp-content\/uploads\/2026\/04\/RO_101S_new_1_1000_kG4eGfD.png 1000w\" sizes=\"auto, (max-width: 150px) 100vw, 150px\" \/><\/figure>\n<\/div>\n<\/div>\n\n\n\n<div class=\"wp-block-group is-layout-flow wp-container-core-group-is-layout-a77db08e wp-block-group-is-layout-flow\" style=\"border-top-left-radius:0px;border-top-right-radius:0px;border-bottom-left-radius:0px;border-bottom-right-radius:0px\">\n<div class=\"wp-block-uagb-container uagb-block-d82bbc53 alignwide uagb-is-root-container\">\n<figure class=\"wp-block-image aligncenter size-thumbnail\"><img loading=\"lazy\" decoding=\"async\" width=\"150\" height=\"150\" src=\"https:\/\/czystakranowka.pl\/wp-content\/uploads\/2026\/04\/ECO_PRO_1_1000-150x150.png\" alt=\"\" class=\"wp-image-1004\" srcset=\"https:\/\/czystakranowka.pl\/wp-content\/uploads\/2026\/04\/ECO_PRO_1_1000-150x150.png 150w, https:\/\/czystakranowka.pl\/wp-content\/uploads\/2026\/04\/ECO_PRO_1_1000-300x300.png 300w, https:\/\/czystakranowka.pl\/wp-content\/uploads\/2026\/04\/ECO_PRO_1_1000-768x768.png 768w, https:\/\/czystakranowka.pl\/wp-content\/uploads\/2026\/04\/ECO_PRO_1_1000.png 1000w\" sizes=\"auto, (max-width: 150px) 100vw, 150px\" \/><\/figure>\n<\/div>\n<\/div>\n\n\n\n<div class=\"wp-block-group is-layout-flow wp-container-core-group-is-layout-a77db08e wp-block-group-is-layout-flow\" style=\"border-top-left-radius:0px;border-top-right-radius:0px;border-bottom-left-radius:0px;border-bottom-right-radius:0px\">\n<div class=\"wp-block-uagb-container uagb-block-5cc1460c alignwide uagb-is-root-container\">\n<figure class=\"wp-block-image aligncenter size-thumbnail\"><img loading=\"lazy\" decoding=\"async\" width=\"150\" height=\"150\" src=\"https:\/\/czystakranowka.pl\/wp-content\/uploads\/2026\/04\/S800_1_1000-150x150.png\" alt=\"\" class=\"wp-image-1005\" srcset=\"https:\/\/czystakranowka.pl\/wp-content\/uploads\/2026\/04\/S800_1_1000-150x150.png 150w, https:\/\/czystakranowka.pl\/wp-content\/uploads\/2026\/04\/S800_1_1000-300x300.png 300w, https:\/\/czystakranowka.pl\/wp-content\/uploads\/2026\/04\/S800_1_1000-768x768.png 768w, https:\/\/czystakranowka.pl\/wp-content\/uploads\/2026\/04\/S800_1_1000.png 1000w\" sizes=\"auto, (max-width: 150px) 100vw, 150px\" \/><\/figure>\n<\/div>\n<\/div>\n\n\n\n<div class=\"wp-block-uagb-buttons uagb-buttons__outer-wrap uagb-btn__small-btn uagb-btn-tablet__small-btn uagb-btn-mobile__small-btn uagb-block-714b8206\"><div class=\"uagb-buttons__wrap uagb-buttons-layout-wrap \">\n<div class=\"wp-block-uagb-buttons-child uagb-buttons__outer-wrap uagb-block-3265b5a9 wp-block-button\"><div class=\"uagb-button__wrapper\"><a class=\"uagb-buttons-repeater wp-block-button__link\" aria-label=\"\" href=\"https:\/\/czystakranowka.pl\/?page_id=261#filtry\" rel=\"follow noopener\" target=\"_self\" role=\"button\"><div class=\"uagb-button__link\">Wybierz filtr dla siebie<\/div><\/a><\/div><\/div>\n<\/div><\/div>\n<\/div>\n<\/div><\/div>\n<\/div>\n","protected":false},"excerpt":{"rendered":"<p>Je\u015bli cho\u0107 jeden z tych problem\u00f3w brzmi znajomo, jeste\u015b we w\u0142a\u015bciwym miejscu. Pomo\u017cemy wybra\u0107 i zamontujemy:<\/p>\n","protected":false},"author":1,"featured_media":0,"parent":0,"menu_order":0,"comment_status":"closed","ping_status":"closed","template":"page-wide","meta":{"_uag_custom_page_level_css":"","footnotes":""},"class_list":["post-260","page","type-page","status-publish","hentry"],"uagb_featured_image_src":{"full":false,"thumbnail":false,"medium":false,"medium_large":false,"large":false,"1536x1536":false,"2048x2048":false},"uagb_author_info":{"display_name":"adbed","author_link":"https:\/\/czystakranowka.pl\/?author=1"},"uagb_comment_info":0,"uagb_excerpt":"Je\u015bli cho\u0107 jeden z tych problem\u00f3w brzmi znajomo, jeste\u015b we w\u0142a\u015bciwym miejscu. Pomo\u017cemy wybra\u0107 i zamontujemy:","_links":{"self":[{"href":"https:\/\/czystakranowka.pl\/index.php?rest_route=\/wp\/v2\/pages\/260","targetHints":{"allow":["GET"]}}],"collection":[{"href":"https:\/\/czystakranowka.pl\/index.php?rest_route=\/wp\/v2\/pages"}],"about":[{"href":"https:\/\/czystakranowka.pl\/index.php?rest_route=\/wp\/v2\/types\/page"}],"author":[{"embeddable":true,"href":"https:\/\/czystakranowka.pl\/index.php?rest_route=\/wp\/v2\/users\/1"}],"replies":[{"embeddable":true,"href":"https:\/\/czystakranowka.pl\/index.php?rest_route=%2Fwp%2Fv2%2Fcomments&post=260"}],"version-history":[{"count":360,"href":"https:\/\/czystakranowka.pl\/index.php?rest_route=\/wp\/v2\/pages\/260\/revisions"}],"predecessor-version":[{"id":1500,"href":"https:\/\/czystakranowka.pl\/index.php?rest_route=\/wp\/v2\/pages\/260\/revisions\/1500"}],"wp:attachment":[{"href":"https:\/\/czystakranowka.pl\/index.php?rest_route=%2Fwp%2Fv2%2Fmedia&parent=260"}],"curies":[{"name":"wp","href":"https:\/\/api.w.org\/{rel}","templated":true}]}}