{"id":272,"date":"2026-04-09T16:19:01","date_gmt":"2026-04-09T14:19:01","guid":{"rendered":"http:\/\/czystakranowka.pl\/?page_id=272"},"modified":"2026-04-16T19:42:55","modified_gmt":"2026-04-16T17:42:55","slug":"serwis","status":"publish","type":"page","link":"https:\/\/czystakranowka.pl\/?page_id=272","title":{"rendered":"Kontakt"},"content":{"rendered":"\n<div class=\"wp-block-group alignfull has-contrast-color has-text-color has-background has-link-color wp-elements-da5a15b672512dd6782c48a34d7f1a2f is-layout-flow wp-block-group-is-layout-flow\" style=\"background:linear-gradient(90deg,rgba(7,146,227,0.4) 0%,rgba(0,45,107,0.39) 98%);margin-top:var(--wp--preset--spacing--40);margin-bottom:var(--wp--preset--spacing--40);padding-top:0;padding-right:0px;padding-bottom:0;padding-left:0px;font-size:clamp(0.984rem, 0.984rem + ((1vw - 0.2rem) * 0.86), 1.5rem);\">\n<div class=\"wp-block-uagb-container uagb-block-da96dfe8 alignfull uagb-is-root-container\"><div class=\"uagb-container-inner-blocks-wrap\">\n<p class=\"has-text-align-center has-contrast-color has-text-color has-link-color has-heading-font-family wp-elements-a9a924471a081a41e70bec5f0b103d33\" style=\"font-size:clamp(0.984rem, 0.984rem + ((1vw - 0.2rem) * 0.86), 1.5rem);font-style:normal;font-weight:400;line-height:1.4\">CzystaKran\u00f3wka.pl oferuje mo\u017cliwo\u015b\u0107 zainstalowania, uruchomienia i serwisowania proponowanych urz\u0105dze\u0144. Nieodp\u0142atnie spotykamy si\u0119 w miejscu inwestycji, aby oceni\u0107 i zaplanowa\u0107 mo\u017cliwo\u015bci monta\u017cu. Po wycenie, przedstawiamy konkretne warunki, a po akceptacji, przyst\u0119pujemy do dzia\u0142ania w przeci\u0105gu kilku dni. S\u0142u\u017cymy wsparciem telefonicznym przy samodzielnym monta\u017cu czy wymianie wk\u0142ad\u00f3w, ale je\u017celi kto\u015b nie czuje pierwiastka przygody przy pracach domowych, ponownie:<br><br>przyjedziemy, zamontujemy, wymienimy \ud83d\ude42<\/p>\n<\/div><\/div>\n<\/div>\n\n\n\n<div class=\"wp-block-group alignwide has-contrast-color has-text-color has-link-color wp-elements-ac90a05302ca52111d439f0e2086a56e is-layout-flow wp-block-group-is-layout-flow\" style=\"margin-top:var(--wp--preset--spacing--30);margin-bottom:var(--wp--preset--spacing--30);padding-top:var(--wp--preset--spacing--10);padding-right:var(--wp--preset--spacing--40);padding-bottom:var(--wp--preset--spacing--10);padding-left:var(--wp--preset--spacing--40);font-size:clamp(0.984rem, 0.984rem + ((1vw - 0.2rem) * 0.86), 1.5rem);\">\n<p class=\"has-text-align-center has-contrast-color has-text-color has-link-color has-heading-font-family wp-elements-7e4abb44132ec64fb33657afa07d3a85\" style=\"font-size:clamp(1.352rem, 1.352rem + ((1vw - 0.2rem) * 1.413), 2.2rem);font-style:normal;font-weight:400;line-height:1.4\">Zapraszamy, oraz zach\u0119camy do kontaktu r\u00f3wnie\u017c z naszymi Partnerami Biznesowymi, z kt\u00f3rymi realizujemy wsp\u00f3lne projekty i inwestycje.<\/p>\n<\/div>\n\n\n\n<div class=\"wp-block-group alignwide has-global-padding is-layout-constrained wp-block-group-is-layout-constrained\">\n<div class=\"wp-block-group alignwide is-content-justification-center is-layout-flex wp-container-core-group-is-layout-1b7000cf wp-block-group-is-layout-flex\" style=\"padding-top:var(--wp--preset--spacing--20);padding-bottom:var(--wp--preset--spacing--20)\">\n<div class=\"wp-block-group is-layout-flow wp-block-group-is-layout-flow\">\n<figure class=\"wp-block-image aligncenter size-medium is-resized has-custom-border is-style-rounded is-style-rounded--1\"><a href=\"https:\/\/www.nawodnienia-drips.pl\/\"><img loading=\"lazy\" decoding=\"async\" width=\"300\" height=\"190\" src=\"https:\/\/czystakranowka.pl\/wp-content\/uploads\/2026\/04\/ChatGPT-Image-16-kwi-2026-17_49_59-4-300x190.png\" alt=\"\" class=\"wp-image-1467\" style=\"border-style:none;border-width:0px;border-top-left-radius:37px;border-top-right-radius:37px;border-bottom-left-radius:37px;border-bottom-right-radius:37px;aspect-ratio:2.23886925795053;width:354px;height:auto\" srcset=\"https:\/\/czystakranowka.pl\/wp-content\/uploads\/2026\/04\/ChatGPT-Image-16-kwi-2026-17_49_59-4-300x190.png 300w, https:\/\/czystakranowka.pl\/wp-content\/uploads\/2026\/04\/ChatGPT-Image-16-kwi-2026-17_49_59-4-1024x647.png 1024w, https:\/\/czystakranowka.pl\/wp-content\/uploads\/2026\/04\/ChatGPT-Image-16-kwi-2026-17_49_59-4-768x485.png 768w, https:\/\/czystakranowka.pl\/wp-content\/uploads\/2026\/04\/ChatGPT-Image-16-kwi-2026-17_49_59-4-1536x971.png 1536w, https:\/\/czystakranowka.pl\/wp-content\/uploads\/2026\/04\/ChatGPT-Image-16-kwi-2026-17_49_59-4.png 1924w\" sizes=\"auto, (max-width: 300px) 100vw, 300px\" \/><\/a><\/figure>\n\n\n\n<h4 class=\"wp-block-heading has-text-align-center\">Studnie i ogrodowe <br>systemy nawadniania<\/h4>\n<\/div>\n\n\n\n<div class=\"wp-block-group is-layout-flow wp-block-group-is-layout-flow\" style=\"padding-right:var(--wp--preset--spacing--10);padding-left:var(--wp--preset--spacing--10)\">\n<figure class=\"wp-block-image aligncenter size-medium is-resized has-custom-border is-style-rounded is-style-rounded--2\"><a href=\"https:\/\/www.azgastro.pl\/\"><img loading=\"lazy\" decoding=\"async\" width=\"300\" height=\"200\" src=\"https:\/\/czystakranowka.pl\/wp-content\/uploads\/2026\/04\/ChatGPT-Image-16-kwi-2026-18_00_06-300x200.png\" alt=\"\" class=\"wp-image-1460\" style=\"border-style:none;border-width:0px;border-top-left-radius:37px;border-top-right-radius:37px;border-bottom-left-radius:37px;border-bottom-right-radius:37px;aspect-ratio:2.23886925795053;object-fit:cover;width:354px\" srcset=\"https:\/\/czystakranowka.pl\/wp-content\/uploads\/2026\/04\/ChatGPT-Image-16-kwi-2026-18_00_06-300x200.png 300w, https:\/\/czystakranowka.pl\/wp-content\/uploads\/2026\/04\/ChatGPT-Image-16-kwi-2026-18_00_06-1024x683.png 1024w, https:\/\/czystakranowka.pl\/wp-content\/uploads\/2026\/04\/ChatGPT-Image-16-kwi-2026-18_00_06-768x512.png 768w, https:\/\/czystakranowka.pl\/wp-content\/uploads\/2026\/04\/ChatGPT-Image-16-kwi-2026-18_00_06.png 1536w\" sizes=\"auto, (max-width: 300px) 100vw, 300px\" \/><\/a><\/figure>\n\n\n\n<h4 class=\"wp-block-heading has-text-align-center\">Kompletne wyposa\u017cenie <br>gastronomii<\/h4>\n<\/div>\n\n\n\n<div class=\"wp-block-group is-layout-flow wp-block-group-is-layout-flow\" style=\"padding-right:var(--wp--preset--spacing--10);padding-left:var(--wp--preset--spacing--10)\">\n<figure class=\"wp-block-image aligncenter size-medium is-resized has-custom-border is-style-rounded is-style-rounded--3\"><a href=\"http:\/\/www.eco-factory.pl\/\"><img loading=\"lazy\" decoding=\"async\" width=\"300\" height=\"167\" src=\"https:\/\/czystakranowka.pl\/wp-content\/uploads\/2026\/04\/ChatGPT-Image-16-kwi-2026-18_03_12-1-300x167.png\" alt=\"\" class=\"wp-image-1464\" style=\"border-style:none;border-width:0px;border-top-left-radius:37px;border-top-right-radius:37px;border-bottom-left-radius:37px;border-bottom-right-radius:37px;aspect-ratio:2.23886925795053;object-fit:cover;width:354px\" srcset=\"https:\/\/czystakranowka.pl\/wp-content\/uploads\/2026\/04\/ChatGPT-Image-16-kwi-2026-18_03_12-1-300x167.png 300w, https:\/\/czystakranowka.pl\/wp-content\/uploads\/2026\/04\/ChatGPT-Image-16-kwi-2026-18_03_12-1-1024x569.png 1024w, https:\/\/czystakranowka.pl\/wp-content\/uploads\/2026\/04\/ChatGPT-Image-16-kwi-2026-18_03_12-1-768x427.png 768w, https:\/\/czystakranowka.pl\/wp-content\/uploads\/2026\/04\/ChatGPT-Image-16-kwi-2026-18_03_12-1.png 1200w\" sizes=\"auto, (max-width: 300px) 100vw, 300px\" \/><\/a><\/figure>\n\n\n\n<h4 class=\"wp-block-heading has-text-align-center\">Uzdatnianie wody dla domu<br>Dzier\u017coni\u00f3w<\/h4>\n<\/div>\n\n\n\n<div class=\"wp-block-group is-layout-flow wp-block-group-is-layout-flow\" style=\"padding-right:var(--wp--preset--spacing--10);padding-left:var(--wp--preset--spacing--10)\">\n<figure class=\"wp-block-image aligncenter size-medium is-resized has-custom-border is-style-rounded is-style-rounded--4\"><a href=\"https:\/\/renevsystem.pl\/\"><img loading=\"lazy\" decoding=\"async\" width=\"300\" height=\"161\" src=\"https:\/\/czystakranowka.pl\/wp-content\/uploads\/2026\/04\/ChatGPT-Image-16-kwi-2026-18_13_52-1-300x161.png\" alt=\"\" class=\"wp-image-1470\" style=\"border-style:none;border-width:0px;border-top-left-radius:37px;border-top-right-radius:37px;border-bottom-left-radius:37px;border-bottom-right-radius:37px;aspect-ratio:2.23886925795053;object-fit:cover;width:354px\" srcset=\"https:\/\/czystakranowka.pl\/wp-content\/uploads\/2026\/04\/ChatGPT-Image-16-kwi-2026-18_13_52-1-300x161.png 300w, https:\/\/czystakranowka.pl\/wp-content\/uploads\/2026\/04\/ChatGPT-Image-16-kwi-2026-18_13_52-1-1024x550.png 1024w, https:\/\/czystakranowka.pl\/wp-content\/uploads\/2026\/04\/ChatGPT-Image-16-kwi-2026-18_13_52-1-768x413.png 768w, https:\/\/czystakranowka.pl\/wp-content\/uploads\/2026\/04\/ChatGPT-Image-16-kwi-2026-18_13_52-1-1536x826.png 1536w, https:\/\/czystakranowka.pl\/wp-content\/uploads\/2026\/04\/ChatGPT-Image-16-kwi-2026-18_13_52-1-2048x1101.png 2048w\" sizes=\"auto, (max-width: 300px) 100vw, 300px\" \/><\/a><\/figure>\n\n\n\n<h4 class=\"wp-block-heading has-text-align-center\">Nisko- i wysokoci\u015bnieniowe <br>czyszczenie elewacji<\/h4>\n<\/div>\n<\/div>\n<\/div>\n\n\n\n<p><\/p>\n","protected":false},"excerpt":{"rendered":"<p>CzystaKran\u00f3wka.pl oferuje mo\u017cliwo\u015b\u0107 zainstalowania, uruchomienia i serwisowania proponowanych urz\u0105dze\u0144. Nieodp\u0142atnie spotykamy si\u0119 w miejscu inwestycji, aby oceni\u0107 i zaplanowa\u0107 mo\u017cliwo\u015bci monta\u017cu. Po wycenie, przedstawiamy konkretne warunki, a po akceptacji, przyst\u0119pujemy do dzia\u0142ania w przeci\u0105gu kilku dni. S\u0142u\u017cymy wsparciem telefonicznym przy samodzielnym monta\u017cu czy wymianie wk\u0142ad\u00f3w, ale je\u017celi kto\u015b nie czuje pierwiastka przygody przy pracach domowych, [&hellip;]<\/p>\n","protected":false},"author":1,"featured_media":0,"parent":0,"menu_order":0,"comment_status":"closed","ping_status":"closed","template":"","meta":{"_uag_custom_page_level_css":"","footnotes":""},"class_list":["post-272","page","type-page","status-publish","hentry"],"uagb_featured_image_src":{"full":false,"thumbnail":false,"medium":false,"medium_large":false,"large":false,"1536x1536":false,"2048x2048":false},"uagb_author_info":{"display_name":"adbed","author_link":"https:\/\/czystakranowka.pl\/?author=1"},"uagb_comment_info":0,"uagb_excerpt":"CzystaKran\u00f3wka.pl oferuje mo\u017cliwo\u015b\u0107 zainstalowania, uruchomienia i serwisowania proponowanych urz\u0105dze\u0144. Nieodp\u0142atnie spotykamy si\u0119 w miejscu inwestycji, aby oceni\u0107 i zaplanowa\u0107 mo\u017cliwo\u015bci monta\u017cu. Po wycenie, przedstawiamy konkretne warunki, a po akceptacji, przyst\u0119pujemy do dzia\u0142ania w przeci\u0105gu kilku dni. S\u0142u\u017cymy wsparciem telefonicznym przy samodzielnym monta\u017cu czy wymianie wk\u0142ad\u00f3w, ale je\u017celi kto\u015b nie czuje pierwiastka przygody przy pracach domowych,&hellip;","_links":{"self":[{"href":"https:\/\/czystakranowka.pl\/index.php?rest_route=\/wp\/v2\/pages\/272","targetHints":{"allow":["GET"]}}],"collection":[{"href":"https:\/\/czystakranowka.pl\/index.php?rest_route=\/wp\/v2\/pages"}],"about":[{"href":"https:\/\/czystakranowka.pl\/index.php?rest_route=\/wp\/v2\/types\/page"}],"author":[{"embeddable":true,"href":"https:\/\/czystakranowka.pl\/index.php?rest_route=\/wp\/v2\/users\/1"}],"replies":[{"embeddable":true,"href":"https:\/\/czystakranowka.pl\/index.php?rest_route=%2Fwp%2Fv2%2Fcomments&post=272"}],"version-history":[{"count":42,"href":"https:\/\/czystakranowka.pl\/index.php?rest_route=\/wp\/v2\/pages\/272\/revisions"}],"predecessor-version":[{"id":1505,"href":"https:\/\/czystakranowka.pl\/index.php?rest_route=\/wp\/v2\/pages\/272\/revisions\/1505"}],"wp:attachment":[{"href":"https:\/\/czystakranowka.pl\/index.php?rest_route=%2Fwp%2Fv2%2Fmedia&parent=272"}],"curies":[{"name":"wp","href":"https:\/\/api.w.org\/{rel}","templated":true}]}}